{"id":42,"date":"2025-03-04T08:53:59","date_gmt":"2025-03-04T07:53:59","guid":{"rendered":"https:\/\/jacek.tekpud.com.pl\/?page_id=42"},"modified":"2025-03-04T09:03:28","modified_gmt":"2025-03-04T08:03:28","slug":"o-firmie","status":"publish","type":"page","link":"https:\/\/jacek.tekpud.com.pl\/?page_id=42","title":{"rendered":"O FIRMIE"},"content":{"rendered":"\n<p>Firma TEKPUD\u00ae Sp. z o.o. jest wiod\u0105cym w regionie&nbsp; podkarpackim producentem opakowa\u0144 tekturowych, stawiaj\u0105cym na nowoczesne rozwi\u0105zania techniczne i wysok\u0105 jako\u015b\u0107 wyrob\u00f3w.<\/p>\n\n\n\n<p>&nbsp;&nbsp;&nbsp;&nbsp;&nbsp;&nbsp;&nbsp;&nbsp;&nbsp;&nbsp;&nbsp;&nbsp;&nbsp;&nbsp;&nbsp; Zainstalowana w czerwcu 2018 r. nowoczesna linia drukarska flexo HD (5 kolor\u00f3w) do nadruku wysokiej rozdzielczo\u015bci firmy&nbsp; CELMACCH&nbsp; z&nbsp; W\u0142och zapewnia&nbsp; najwy\u017csz\u0105 jako\u015b\u0107 grafiki na tekturach r\u00f3wnie\u017c powlekanych. Posiadamy nowoczesne linie do produkcji&nbsp; opakowa\u0144&nbsp; renomowanych&nbsp; producent\u00f3w&nbsp; z&nbsp; Niemiec,<\/p>\n\n\n\n<p>Szwajcarii, Hiszpanii, Japonii i W\u0142och.&nbsp;<\/p>\n\n\n\n<p>&nbsp;&nbsp;&nbsp;&nbsp;&nbsp;&nbsp;&nbsp;&nbsp;&nbsp;&nbsp;&nbsp;&nbsp;&nbsp;&nbsp;&nbsp; Od 2003 r.&nbsp;&nbsp;&nbsp; funkcjonuje w naszej firmie System&nbsp; Zarz\u0105dzania Jako\u015bci\u0105 wg PN ISO9001 rozszerzony o Projektowanie i Transport oraz o Ryzyko Biznesowe.&nbsp; Certyfikat&nbsp; wydany jest&nbsp; przez firm\u0119 auditorsk\u0105&nbsp; Bureau&nbsp; Veritas&nbsp; Quality.&nbsp;&nbsp; Od 2003 r.&nbsp; posiadamy&nbsp;&nbsp; Certyfikat&nbsp; na&nbsp; Recycling&nbsp; odpad\u00f3w na&nbsp; terytorium&nbsp; Polski,&nbsp;&nbsp; a od stycznia 2018 r.&nbsp; TEKPUD\u00ae&nbsp;&nbsp; Sp. z o. o.&nbsp;&nbsp; certyfikat&nbsp; FSC\u00ae (pytaj o certyfikowane produkty FSC\u00ae). Od marca 2023 r. posiadamy&nbsp;&nbsp; certyfikat&nbsp;&nbsp; RESY, umo\u017cliwiaj\u0105cy wprowadzanie wyrob\u00f3w w naszych opakowaniach na teren Niemiec.<\/p>\n\n\n\n<p>&nbsp;&nbsp;&nbsp;&nbsp;&nbsp;&nbsp;&nbsp;&nbsp;&nbsp;&nbsp;&nbsp;&nbsp;&nbsp;&nbsp;&nbsp; Naszymi odbiorcami s\u0105 zak\u0142ady bran\u017c:&nbsp; meblarskiej,&nbsp; spo\u017cywczej,&nbsp; elektronicznej, chemicznej<\/p>\n\n\n\n<p>i wiele innych.<\/p>\n\n\n\n<p>&nbsp;&nbsp;&nbsp;&nbsp;&nbsp;&nbsp;&nbsp;&nbsp;&nbsp;&nbsp;&nbsp;&nbsp;&nbsp;&nbsp;&nbsp; Ka\u017cdy&nbsp; Klient&nbsp; mo\u017ce&nbsp; liczy&nbsp; na&nbsp; nasze&nbsp; wsparcie w ca\u0142ym \u0142a\u0144cuchu realizacji zlecenia \u2013&nbsp;&nbsp;<\/p>\n\n\n\n<p>od zaprojektowania&nbsp; opakowania,&nbsp; szaty graficznej&nbsp; (nasi&nbsp; graficy&nbsp; i&nbsp; konstruktorzy s\u0105 do Pa\u0144stwa dyspozycji) poprzez produkcj\u0119, a\u017c po dostaw\u0119.<\/p>\n\n\n\n<p>&nbsp;&nbsp;&nbsp;&nbsp;&nbsp;&nbsp;&nbsp;&nbsp;&nbsp;&nbsp;&nbsp;&nbsp;&nbsp;&nbsp;&nbsp; TEKPUD\u00ae&nbsp; jest&nbsp; mark\u0105&nbsp; znan\u0105&nbsp; i&nbsp; cenion\u0105&nbsp; zar\u00f3wno&nbsp; w&nbsp; kraju,&nbsp; jak i za granic\u0105.<\/p>\n\n\n\n<p>&nbsp;&nbsp;&nbsp;&nbsp;&nbsp;&nbsp;&nbsp;&nbsp;&nbsp;&nbsp;&nbsp;&nbsp;&nbsp;&nbsp;&nbsp; Miar\u0105 sukcesu firmy TEKPUD\u00ae jest sukces i zadowolenie naszych Klient\u00f3w. Nasza marka,<\/p>\n\n\n\n<p>to gwarancja wysokiej jako\u015bci wyrob\u00f3w i obs\u0142ugi.<\/p>\n\n\n\n<p>&nbsp;&nbsp;&nbsp;&nbsp;&nbsp;&nbsp;&nbsp;&nbsp;&nbsp;&nbsp;&nbsp;&nbsp;&nbsp;&nbsp;&nbsp;&nbsp;&nbsp;&nbsp;&nbsp;&nbsp;&nbsp;&nbsp;&nbsp;&nbsp;&nbsp;&nbsp;&nbsp;&nbsp;&nbsp;&nbsp;&nbsp;&nbsp;&nbsp;&nbsp;&nbsp;&nbsp;&nbsp;&nbsp;&nbsp;&nbsp;&nbsp;&nbsp;&nbsp;&nbsp;&nbsp;&nbsp;&nbsp;&nbsp;&nbsp;&nbsp;&nbsp;&nbsp;&nbsp;&nbsp;&nbsp;&nbsp;&nbsp;&nbsp;&nbsp;&nbsp;&nbsp;&nbsp; Zapraszamy do wsp\u00f3\u0142pracy!<\/p>\n\n\n\n<p><\/p>\n\n\n\n<p><\/p>\n\n\n\n<p>TEKPUD\u00ae Limited Liability Company is a leading company manufacturer of cardboard<\/p>\n\n\n\n<p>packaging&nbsp; in&nbsp; the&nbsp; Podkarpackie&nbsp; region for modern technical solutions and high quality products.<\/p>\n\n\n\n<p>&nbsp;&nbsp;&nbsp; A modern flexo HD printing line&nbsp; (5 colors) installed in&nbsp; June 2018 for high resolution<\/p>\n\n\n\n<p>printing by CELMACCH from Italy provides the highest quality of graphics on cardboard,<\/p>\n\n\n\n<p>also coated.&nbsp; We&nbsp; have&nbsp; modern&nbsp; lines&nbsp; for the&nbsp; production of&nbsp; lead packaging&nbsp; producers from Switzerland,<\/p>\n\n\n\n<p>Germany, Spain, Japan and Italy.<\/p>\n\n\n\n<p>&nbsp;&nbsp;&nbsp;&nbsp;&nbsp;&nbsp;&nbsp;&nbsp;&nbsp;&nbsp;&nbsp;&nbsp;&nbsp;&nbsp;&nbsp; A&nbsp; Quality&nbsp; Management&nbsp; System&nbsp; has&nbsp; been&nbsp; in&nbsp; place&nbsp; in&nbsp; our&nbsp; company&nbsp; since&nbsp; 2000&nbsp; according at first to PN ISO 9002 and in 2003 to PN ISO9001 extended to include Design and Transport and Business Risk. The certificate was issued by an audit company Bureau Veritas Quality. We have had the Waste Recycling Certificate since 2003 in Poland, and&nbsp; from&nbsp; January&nbsp; 2018&nbsp; we hare having&nbsp; FSC\u00ae (ask about products with the FSC\u00ae Certificate). Certificate.&nbsp; From&nbsp; March&nbsp; 2023&nbsp; we&nbsp; have the RESY Certificate, which allows us to introduce products in our packaging for Germany.<\/p>\n\n\n\n<p>&nbsp;&nbsp;&nbsp;&nbsp;&nbsp;&nbsp;&nbsp;&nbsp;&nbsp;&nbsp;&nbsp;&nbsp;&nbsp;&nbsp;&nbsp; Our&nbsp; recipients&nbsp; are plants&nbsp; from&nbsp; the&nbsp; following&nbsp; industries: furniture, food, electronics,<\/p>\n\n\n\n<p>chemical and many others. Every customer can count on our support throughout the entire order fulfillment chain \u2013 from designing the packaging and graphic design (our graphic designers and designers are at your disposal) through production to delivery.<\/p>\n\n\n\n<p>&nbsp;&nbsp;&nbsp;&nbsp;&nbsp;&nbsp;&nbsp;&nbsp;&nbsp;&nbsp;&nbsp;&nbsp;&nbsp;&nbsp;&nbsp; TEKPUD\u00ae is a brand known and appreciated both in Poland and abroad.<\/p>\n\n\n\n<p>&nbsp;&nbsp;&nbsp;&nbsp;&nbsp;&nbsp;&nbsp;&nbsp;&nbsp;&nbsp;&nbsp;&nbsp;&nbsp;&nbsp;&nbsp; The success of TEKPUD\u00ae is the success and satisfaction of our customers.<\/p>\n\n\n\n<p>Our brand is a guarantee of high-quality products and service.<\/p>\n\n\n\n<p>&nbsp;&nbsp;&nbsp;&nbsp;&nbsp;&nbsp;&nbsp;&nbsp;&nbsp;&nbsp;&nbsp;&nbsp;&nbsp;&nbsp;&nbsp;&nbsp;&nbsp;&nbsp;&nbsp;&nbsp;&nbsp;&nbsp;&nbsp;&nbsp;&nbsp;&nbsp;&nbsp;&nbsp;&nbsp;&nbsp;&nbsp;&nbsp;&nbsp;&nbsp;&nbsp;&nbsp;&nbsp;&nbsp;&nbsp;&nbsp;&nbsp;&nbsp;&nbsp;&nbsp;&nbsp;&nbsp;&nbsp;&nbsp;&nbsp;&nbsp;&nbsp;&nbsp;&nbsp;&nbsp;&nbsp;&nbsp;&nbsp;&nbsp;&nbsp;&nbsp;&nbsp;&nbsp; We invite you to cooperate!<\/p>\n","protected":false},"excerpt":{"rendered":"<p>Firma TEKPUD\u00ae Sp. z o.o. jest wiod\u0105cym w regionie&nbsp; podkarpackim producentem opakowa\u0144 tekturowych, stawiaj\u0105cym na nowoczesne rozwi\u0105zania techniczne i wysok\u0105 jako\u015b\u0107 wyrob\u00f3w. &nbsp;&nbsp;&nbsp;&nbsp;&nbsp;&nbsp;&nbsp;&nbsp;&nbsp;&nbsp;&nbsp;&nbsp;&nbsp;&nbsp;&nbsp; Zainstalowana w czerwcu 2018 r. nowoczesna linia drukarska flexo HD (5 kolor\u00f3w) do nadruku wysokiej rozdzielczo\u015bci firmy&nbsp; CELMACCH&nbsp; z&nbsp; W\u0142och zapewnia&nbsp; najwy\u017csz\u0105 jako\u015b\u0107 grafiki na tekturach r\u00f3wnie\u017c [&hellip;]<\/p>\n","protected":false},"author":2,"featured_media":0,"parent":0,"menu_order":0,"comment_status":"closed","ping_status":"closed","template":"","meta":{"ngg_post_thumbnail":0,"_themeisle_gutenberg_block_has_review":false,"footnotes":""},"class_list":["post-42","page","type-page","status-publish","hentry"],"_links":{"self":[{"href":"https:\/\/jacek.tekpud.com.pl\/index.php?rest_route=\/wp\/v2\/pages\/42","targetHints":{"allow":["GET"]}}],"collection":[{"href":"https:\/\/jacek.tekpud.com.pl\/index.php?rest_route=\/wp\/v2\/pages"}],"about":[{"href":"https:\/\/jacek.tekpud.com.pl\/index.php?rest_route=\/wp\/v2\/types\/page"}],"author":[{"embeddable":true,"href":"https:\/\/jacek.tekpud.com.pl\/index.php?rest_route=\/wp\/v2\/users\/2"}],"replies":[{"embeddable":true,"href":"https:\/\/jacek.tekpud.com.pl\/index.php?rest_route=%2Fwp%2Fv2%2Fcomments&post=42"}],"version-history":[{"count":2,"href":"https:\/\/jacek.tekpud.com.pl\/index.php?rest_route=\/wp\/v2\/pages\/42\/revisions"}],"predecessor-version":[{"id":45,"href":"https:\/\/jacek.tekpud.com.pl\/index.php?rest_route=\/wp\/v2\/pages\/42\/revisions\/45"}],"wp:attachment":[{"href":"https:\/\/jacek.tekpud.com.pl\/index.php?rest_route=%2Fwp%2Fv2%2Fmedia&parent=42"}],"curies":[{"name":"wp","href":"https:\/\/api.w.org\/{rel}","templated":true}]}}